{"id":67001,"date":"2018-04-17T15:16:04","date_gmt":"2018-04-17T12:16:04","guid":{"rendered":"http:\/\/pwnistanbul.net\/?page_id=67001"},"modified":"2018-10-10T00:43:58","modified_gmt":"2018-10-09T21:43:58","slug":"press-reflections","status":"publish","type":"page","link":"https:\/\/pwnistanbul.net\/en\/press-reflections\/","title":{"rendered":"PRESS REFLECTIONS"},"content":{"rendered":"<div class=\"wpb-content-wrapper\"><p>[vc_row][vc_column width=&#8221;1\/1&#8243;][uncode_list icon=&#8221;fa fa-edit&#8221;]<\/p>\n<ul>\n<li><a href=\"http:\/\/www.hurriyet.com.tr\/ik-yeni-ekonomi\/esitlik-elcisi-ceolar-40980101\">E\u015fitlik El\u00e7isi CEO&#8217;lar<\/a> &#8211; H\u00fcrriyet \u0130K &#8211; 07.10.2018<\/li>\n<li><a href=\"http:\/\/www.sanalbasin.com\/pwn-istanbul-3-donem-yonetim-kurulu-belirlendi-24465415\/\" target=\"_blank\" rel=\"noopener\">PWN \u0130stanbul 3. D\u00f6nem Y\u00f6netim Kurulu belirlendi<\/a> &#8211; Sanal Bas\u0131n &#8211; 06.04.2018<\/li>\n<li><a href=\"http:\/\/ekometre.com\/pwn-istanbul-3-donem-yonetim-kurulu-belirlendi\/159627\/\" target=\"_blank\" rel=\"noopener\">PWN \u0130stanbul 3. D\u00f6nem Y\u00f6netim Kurulu belirlendi<\/a> &#8211; Ekometre &#8211; 06.04.2018<\/li>\n<li><a href=\"http:\/\/fintechtime.com\/tr\/2018\/03\/pwn-istanbul-3-donem-yonetim-kurulunu-secti\/?doing_wp_cron=1523969240.3031659126281738281250\" target=\"_blank\" rel=\"noopener\">PWN \u0130stanbul, 3. D\u00f6nem Y\u00f6netim Kurulu\u2019nu Se\u00e7ti<\/a> &#8211; Fintechtime &#8211; 30.03.2018<\/li>\n<li><a href=\"http:\/\/www.gokyuzuhaberci.com\/haber.php?id=42714\" target=\"_blank\" rel=\"noopener\">PWN \u0130stanbul Yeni Y\u00f6netim Kurulunu Belirledi<\/a> &#8211; G\u00f6ky\u00fcz\u00fc Habercisi &#8211; 28.03.2018<\/li>\n<li><a href=\"http:\/\/www.finansgundem.com\/haber\/pwn-istanbulun-yeni-baskani-belli-oldu\/1291263\" target=\"_blank\" rel=\"noopener\">PWN \u0130stanbul&#8217;un yeni ba\u015fkan\u0131 belli oldu<\/a> &#8211; Finans G\u00fcndem &#8211; 28.03.2018<\/li>\n<li><a href=\"http:\/\/t24.com.tr\/haber\/omer-koc-bmde-konustu-toplumsal-cinsiyet-esitligi-adil-gelecek-icin-sart,447485\" target=\"_blank\" rel=\"noopener\">\u00d6mer Ko\u00e7, BM&#8217;de konu\u015ftu: Toplumsal cinsiyet e\u015fitli\u011fi, adil gelecek i\u00e7in \u015fart<\/a> &#8211; T24 &#8211; 23.09.2017<\/li>\n<li><a href=\"http:\/\/www.hurriyet.com.tr\/ik-yeni-ekonomi\/calisan-memnuniyeti-icin-modern-calismaya-gectiler-40013758\" target=\"_blank\" rel=\"noopener\">\u00c7al\u0131\u015fan memnuniyeti i\u00e7in modern \u00e7al\u0131\u015fmaya ge\u00e7tiler<\/a> &#8211; H\u00fcrriyet &#8211; 13.11.2015<\/li>\n<li><a href=\"http:\/\/bwturkiye.com\/aylin-satun-olsun-pwn-istanbul-yonetim-kurulu-baskani-oldu\/\" target=\"_blank\" rel=\"noopener\">Aylin Satun Olsun, PWN \u0130stanbul Y\u00f6netim Kurulu Ba\u015fkan\u0131 oldu<\/a> &#8211; BW T\u00fcrkiye<\/li>\n<\/ul>\n<p>[\/uncode_list][\/vc_column][\/vc_row]<\/p>\n<\/div>","protected":false},"excerpt":{"rendered":"<p>[vc_row][vc_column width=&#8221;1\/1&#8243;][uncode_list icon=&#8221;fa fa-edit&#8221;] E\u015fitlik El\u00e7isi CEO&#8217;lar &#8211; H\u00fcrriyet \u0130K &#8211; 07.10.2018 PWN \u0130stanbul 3. D\u00f6nem Y\u00f6netim Kurulu belirlendi &#8211; [&hellip;]<\/p>\n","protected":false},"author":2,"featured_media":0,"parent":0,"menu_order":0,"comment_status":"closed","ping_status":"closed","template":"","meta":{"footnotes":""},"class_list":["post-67001","page","type-page","status-publish","hentry"],"_links":{"self":[{"href":"https:\/\/pwnistanbul.net\/en\/wp-json\/wp\/v2\/pages\/67001","targetHints":{"allow":["GET"]}}],"collection":[{"href":"https:\/\/pwnistanbul.net\/en\/wp-json\/wp\/v2\/pages"}],"about":[{"href":"https:\/\/pwnistanbul.net\/en\/wp-json\/wp\/v2\/types\/page"}],"author":[{"embeddable":true,"href":"https:\/\/pwnistanbul.net\/en\/wp-json\/wp\/v2\/users\/2"}],"replies":[{"embeddable":true,"href":"https:\/\/pwnistanbul.net\/en\/wp-json\/wp\/v2\/comments?post=67001"}],"version-history":[{"count":5,"href":"https:\/\/pwnistanbul.net\/en\/wp-json\/wp\/v2\/pages\/67001\/revisions"}],"predecessor-version":[{"id":67523,"href":"https:\/\/pwnistanbul.net\/en\/wp-json\/wp\/v2\/pages\/67001\/revisions\/67523"}],"wp:attachment":[{"href":"https:\/\/pwnistanbul.net\/en\/wp-json\/wp\/v2\/media?parent=67001"}],"curies":[{"name":"wp","href":"https:\/\/api.w.org\/{rel}","templated":true}]}}