{"id":67020,"date":"2018-08-12T21:02:28","date_gmt":"2018-08-12T18:02:28","guid":{"rendered":"http:\/\/pwnistanbul.net\/?page_id=67020"},"modified":"2018-10-01T01:15:26","modified_gmt":"2018-09-30T22:15:26","slug":"contact-us-2","status":"publish","type":"page","link":"https:\/\/pwnistanbul.net\/en\/join-us\/contact-us-2\/","title":{"rendered":"Contact Us"},"content":{"rendered":"<div class=\"wpb-content-wrapper\"><p>[vc_row][vc_column width=&#8221;5\/6&#8243;]\n<div class=\"wpcf7 no-js\" id=\"wpcf7-f66960-o1\" lang=\"tr-TR\" dir=\"ltr\" data-wpcf7-id=\"66960\">\n<div class=\"screen-reader-response\"><p role=\"status\" aria-live=\"polite\" aria-atomic=\"true\"><\/p> <ul><\/ul><\/div>\n<form action=\"\/en\/wp-json\/wp\/v2\/pages\/67020#wpcf7-f66960-o1\" method=\"post\" class=\"wpcf7-form init\" aria-label=\"\u0130leti\u015fim Formu\" novalidate=\"novalidate\" data-status=\"init\">\n<fieldset class=\"hidden-fields-container\"><input type=\"hidden\" name=\"_wpcf7\" value=\"66960\" \/><input type=\"hidden\" name=\"_wpcf7_version\" value=\"6.1.5\" \/><input type=\"hidden\" name=\"_wpcf7_locale\" value=\"tr_TR\" \/><input type=\"hidden\" name=\"_wpcf7_unit_tag\" value=\"wpcf7-f66960-o1\" \/><input type=\"hidden\" name=\"_wpcf7_container_post\" value=\"0\" \/><input type=\"hidden\" name=\"_wpcf7_posted_data_hash\" value=\"\" \/>\n<\/fieldset>\n<p><label> Ad\u0131n\u0131z Soyad\u0131n\u0131z (gerekli)<br \/>\n<span class=\"wpcf7-form-control-wrap\" data-name=\"your-name\"><input size=\"40\" maxlength=\"400\" class=\"wpcf7-form-control wpcf7-text wpcf7-validates-as-required\" aria-required=\"true\" aria-invalid=\"false\" value=\"\" type=\"text\" name=\"your-name\" \/><\/span> <\/label>\n<\/p>\n<p><label> E-posta adresiniz (gerekli)<br \/>\n<span class=\"wpcf7-form-control-wrap\" data-name=\"your-email\"><input size=\"40\" maxlength=\"400\" class=\"wpcf7-form-control wpcf7-email wpcf7-validates-as-required wpcf7-text wpcf7-validates-as-email\" aria-required=\"true\" aria-invalid=\"false\" value=\"\" type=\"email\" name=\"your-email\" \/><\/span> <\/label>\n<\/p>\n<p><label> Do\u011fum Tarihiniz<br \/>\n<span class=\"wpcf7-form-control-wrap\" data-name=\"date-953\"><input class=\"wpcf7-form-control wpcf7-date wpcf7-validates-as-required wpcf7-validates-as-date\" aria-required=\"true\" aria-invalid=\"false\" value=\"\" type=\"date\" name=\"date-953\" \/><\/span> <\/label>\n<\/p>\n<p><label> TC Kimlik No<br \/>\n<span class=\"wpcf7-form-control-wrap\" data-name=\"tc\"><input class=\"wpcf7-form-control wpcf7-number wpcf7-validates-as-required wpcf7-validates-as-number\" aria-required=\"true\" aria-invalid=\"false\" value=\"\" type=\"number\" name=\"tc\" \/><\/span> <\/label>\n<\/p>\n<p><label> Mesle\u011finiz<br \/>\n<span class=\"wpcf7-form-control-wrap\" data-name=\"meslek\"><input size=\"40\" maxlength=\"400\" class=\"wpcf7-form-control wpcf7-text wpcf7-validates-as-required\" aria-required=\"true\" aria-invalid=\"false\" value=\"\" type=\"text\" name=\"meslek\" \/><\/span> <\/label>\n<\/p>\n<p><label> \u015eirketiniz<br \/>\n<span class=\"wpcf7-form-control-wrap\" data-name=\"sirket\"><input size=\"40\" maxlength=\"400\" class=\"wpcf7-form-control wpcf7-text wpcf7-validates-as-required\" aria-required=\"true\" aria-invalid=\"false\" value=\"\" type=\"text\" name=\"sirket\" \/><\/span> <\/label>\n<\/p>\n<p><label> \u00dcyeli\u011fe \u00d6neren Ki\u015fi (Varsa)<br \/>\n<span class=\"wpcf7-form-control-wrap\" data-name=\"oneren\"><input size=\"40\" maxlength=\"400\" class=\"wpcf7-form-control wpcf7-text\" aria-invalid=\"false\" value=\"\" type=\"text\" name=\"oneren\" \/><\/span> <\/label>\n<\/p>\n<p><label> Dernek hakk\u0131nda nereden bilgi sahibi oldunuz?<br \/>\n(Web sitesi, sosyal medya, bas\u0131n haberleri, referans vb...)<br \/>\n<span class=\"wpcf7-form-control-wrap\" data-name=\"bilgi\"><textarea cols=\"40\" rows=\"10\" maxlength=\"2000\" class=\"wpcf7-form-control wpcf7-textarea\" aria-invalid=\"false\" name=\"bilgi\"><\/textarea><\/span> <\/label>\n<\/p>\n<p><label> Mesaj\u0131n\u0131z<br \/>\n<span class=\"wpcf7-form-control-wrap\" data-name=\"your-message\"><textarea cols=\"40\" rows=\"10\" maxlength=\"2000\" class=\"wpcf7-form-control wpcf7-textarea\" aria-invalid=\"false\" name=\"your-message\"><\/textarea><\/span> <\/label>\n<\/p>\n<p><input class=\"wpcf7-form-control wpcf7-submit has-spinner\" type=\"submit\" value=\"G\u00f6nder\" \/>\n<\/p><p style=\"display: none !important;\" class=\"akismet-fields-container\" data-prefix=\"_wpcf7_ak_\"><label>&#916;<textarea name=\"_wpcf7_ak_hp_textarea\" cols=\"45\" rows=\"8\" maxlength=\"100\"><\/textarea><\/label><input type=\"hidden\" id=\"ak_js_1\" name=\"_wpcf7_ak_js\" value=\"113\"\/><script>document.getElementById( \"ak_js_1\" ).setAttribute( \"value\", ( new Date() ).getTime() );<\/script><\/p><div class=\"wpcf7-response-output\" aria-hidden=\"true\"><\/div>\n<\/form>\n<\/div>\n[\/vc_column][vc_column width=&#8221;1\/6&#8243;][\/vc_column][\/vc_row]<\/p>\n<\/div>","protected":false},"excerpt":{"rendered":"<p>[vc_row][vc_column width=&#8221;5\/6&#8243;][\/vc_column][vc_column width=&#8221;1\/6&#8243;][\/vc_column][\/vc_row]<\/p>\n","protected":false},"author":2,"featured_media":0,"parent":67014,"menu_order":0,"comment_status":"closed","ping_status":"closed","template":"","meta":{"footnotes":""},"class_list":["post-67020","page","type-page","status-publish","hentry"],"_links":{"self":[{"href":"https:\/\/pwnistanbul.net\/en\/wp-json\/wp\/v2\/pages\/67020","targetHints":{"allow":["GET"]}}],"collection":[{"href":"https:\/\/pwnistanbul.net\/en\/wp-json\/wp\/v2\/pages"}],"about":[{"href":"https:\/\/pwnistanbul.net\/en\/wp-json\/wp\/v2\/types\/page"}],"author":[{"embeddable":true,"href":"https:\/\/pwnistanbul.net\/en\/wp-json\/wp\/v2\/users\/2"}],"replies":[{"embeddable":true,"href":"https:\/\/pwnistanbul.net\/en\/wp-json\/wp\/v2\/comments?post=67020"}],"version-history":[{"count":3,"href":"https:\/\/pwnistanbul.net\/en\/wp-json\/wp\/v2\/pages\/67020\/revisions"}],"predecessor-version":[{"id":67298,"href":"https:\/\/pwnistanbul.net\/en\/wp-json\/wp\/v2\/pages\/67020\/revisions\/67298"}],"up":[{"embeddable":true,"href":"https:\/\/pwnistanbul.net\/en\/wp-json\/wp\/v2\/pages\/67014"}],"wp:attachment":[{"href":"https:\/\/pwnistanbul.net\/en\/wp-json\/wp\/v2\/media?parent=67020"}],"curies":[{"name":"wp","href":"https:\/\/api.w.org\/{rel}","templated":true}]}}