{"id":67053,"date":"2018-05-05T21:26:44","date_gmt":"2018-05-05T18:26:44","guid":{"rendered":"http:\/\/pwnistanbul.net\/?page_id=67053"},"modified":"2022-02-22T12:09:40","modified_gmt":"2022-02-22T09:09:40","slug":"corporate-membership","status":"publish","type":"page","link":"https:\/\/pwnistanbul.net\/en\/corporate-membership\/","title":{"rendered":"Corporate Membership"},"content":{"rendered":"<div class=\"wpb-content-wrapper\"><p>[vc_row unlock_row_content=&#8221;yes&#8221; row_height_percent=&#8221;0&#8243; back_color=&#8221;color-632047&#8243; overlay_alpha=&#8221;50&#8243; gutter_size=&#8221;3&#8243; column_width_percent=&#8221;100&#8243; shift_y=&#8221;0&#8243; z_index=&#8221;0&#8243;][vc_column width=&#8221;1\/4&#8243;][vc_button button_color=&#8221;color-632047&#8243; size=&#8221;btn-xl&#8221; border_width=&#8221;0&#8243; link=&#8221;url:http%3A%2F%2Fpwnistanbul.net%2Fen%2Findividual-membership%2F|||&#8221;]Individual Membership[\/vc_button][\/vc_column][vc_column width=&#8221;1\/4&#8243;][vc_button button_color=&#8221;color-632047&#8243; size=&#8221;btn-xl&#8221; border_width=&#8221;0&#8243; link=&#8221;url:http%3A%2F%2Fpwnistanbul.net%2Fen%2Fcorporate-membership%2F|||&#8221;]Corporate Membership[\/vc_button][\/vc_column][vc_column column_width_percent=&#8221;100&#8243; gutter_size=&#8221;3&#8243; overlay_alpha=&#8221;50&#8243; shift_x=&#8221;0&#8243; shift_y=&#8221;0&#8243; shift_y_down=&#8221;0&#8243; z_index=&#8221;0&#8243; desktop_visibility=&#8221;yes&#8221; medium_visibility=&#8221;yes&#8221; medium_width=&#8221;0&#8243; mobile_visibility=&#8221;yes&#8221; mobile_width=&#8221;0&#8243; width=&#8221;1\/4&#8243;][vc_button button_color=&#8221;color-632047&#8243; size=&#8221;btn-xl&#8221; border_width=&#8221;0&#8243; link=&#8221;url:http%3A%2F%2Fpwnistanbul.net%2Fen%2Fonline-membership%2F|||&#8221;]Online Membership[\/vc_button][\/vc_column][vc_column width=&#8221;1\/4&#8243;][\/vc_column][\/vc_row][vc_row][vc_column width=&#8221;1\/1&#8243;][vc_column_text]It is time to get serious about gender balance. Did you know that\u00a0<strong>gender diverse teams<\/strong>\u00a0are\u00a0much more effective? Did you know that you can\u00a0<strong>significantly improve<\/strong>\u00a0the performance of your teams and organisation? Did you know that you can\u00a0<strong>retain key talent<\/strong>\u00a0by investing in gender balance?\u00a0Do you know how to advance gender balance?<\/p>\n<p><strong>We do!<\/strong><\/p>\n<p>PWN Global can support you strengthening your internal processes to make a difference. We offer you comprehensive local city network programmes, online learning and development services, a platform to share and learn with other organsiations from different industries and countries. We can also help you to raise your visibility as a Organisation who wants to shift the gender balance dial. It\u2019s time now to get serious and we can help you, for more information on how we can work together\u00a0<strong><span id=\"cloak58779\"><a href=\"mailto:community@pwnglobal.net\" target=\"_blank\" rel=\"noopener\">contact us<\/a><\/span><\/strong>.<\/p>\n<p>If you think you and your colleagues can benefit from a PWN Corporate Membership, help us to help you! Connect us with the decision makers in your organisation, and we&#8217;ll do the rest.<\/p>\n<p>Read more about our corporate partners\u00a0<a href=\"\/yeni?page_id=66398\" target=\"_blank\" rel=\"noopener\"><strong>here<\/strong>.<\/a>[\/vc_column_text][vc_column_text uncode_shortcode_id=&#8221;210073&#8243;]Please click on the link <span style=\"color: #b51bb5;\"><strong><a style=\"color: #b51bb5;\" href=\"https:\/\/www.raklet.com\/pwn\/Apply\" target=\"_blank\" rel=\"noopener\">PWN membership<\/a><\/strong><\/span> to become an corporate\u00a0 member and detailed information[\/vc_column_text][\/vc_column][\/vc_row][vc_row row_height_percent=&#8221;0&#8243; overlay_alpha=&#8221;50&#8243; gutter_size=&#8221;3&#8243; column_width_percent=&#8221;100&#8243; shift_y=&#8221;0&#8243; z_index=&#8221;0&#8243; desktop_visibility=&#8221;yes&#8221; medium_visibility=&#8221;yes&#8221; mobile_visibility=&#8221;yes&#8221; inverted_device_order=&#8221;yes&#8221; auto_height_device=&#8221;yes&#8221; uncode_shortcode_id=&#8221;157090&#8243; shape_dividers=&#8221;&#8221;][vc_column width=&#8221;1\/2&#8243;][vc_icon position=&#8221;left&#8221; icon=&#8221;fa fa-group&#8221; size=&#8221;fa-2x&#8221;]<a href=\"http:\/\/pwnistanbul.net\/wp-content\/uploads\/2018\/07\/Kurumsal-Uye-Kayit-Formu_REVTemmuz2018.docx\" target=\"_blank\" rel=\"noopener\">Kurumsal \u00fcyelik formunu indirmek i\u00e7in t\u0131klay\u0131n.<\/a>[\/vc_icon][\/vc_column][vc_column width=&#8221;1\/2&#8243;][\/vc_column][\/vc_row]<\/p>\n<\/div>","protected":false},"excerpt":{"rendered":"<p>[vc_row unlock_row_content=&#8221;yes&#8221; row_height_percent=&#8221;0&#8243; back_color=&#8221;color-632047&#8243; overlay_alpha=&#8221;50&#8243; gutter_size=&#8221;3&#8243; column_width_percent=&#8221;100&#8243; shift_y=&#8221;0&#8243; z_index=&#8221;0&#8243;][vc_column width=&#8221;1\/4&#8243;][vc_button button_color=&#8221;color-632047&#8243; size=&#8221;btn-xl&#8221; border_width=&#8221;0&#8243; link=&#8221;url:http%3A%2F%2Fpwnistanbul.net%2Fen%2Findividual-membership%2F|||&#8221;]Individual Membership[\/vc_button][\/vc_column][vc_column width=&#8221;1\/4&#8243;][vc_button button_color=&#8221;color-632047&#8243; size=&#8221;btn-xl&#8221; border_width=&#8221;0&#8243; link=&#8221;url:http%3A%2F%2Fpwnistanbul.net%2Fen%2Fcorporate-membership%2F|||&#8221;]Corporate [&hellip;]<\/p>\n","protected":false},"author":2,"featured_media":0,"parent":0,"menu_order":0,"comment_status":"closed","ping_status":"closed","template":"","meta":{"footnotes":""},"class_list":["post-67053","page","type-page","status-publish","hentry"],"_links":{"self":[{"href":"https:\/\/pwnistanbul.net\/en\/wp-json\/wp\/v2\/pages\/67053","targetHints":{"allow":["GET"]}}],"collection":[{"href":"https:\/\/pwnistanbul.net\/en\/wp-json\/wp\/v2\/pages"}],"about":[{"href":"https:\/\/pwnistanbul.net\/en\/wp-json\/wp\/v2\/types\/page"}],"author":[{"embeddable":true,"href":"https:\/\/pwnistanbul.net\/en\/wp-json\/wp\/v2\/users\/2"}],"replies":[{"embeddable":true,"href":"https:\/\/pwnistanbul.net\/en\/wp-json\/wp\/v2\/comments?post=67053"}],"version-history":[{"count":13,"href":"https:\/\/pwnistanbul.net\/en\/wp-json\/wp\/v2\/pages\/67053\/revisions"}],"predecessor-version":[{"id":69695,"href":"https:\/\/pwnistanbul.net\/en\/wp-json\/wp\/v2\/pages\/67053\/revisions\/69695"}],"wp:attachment":[{"href":"https:\/\/pwnistanbul.net\/en\/wp-json\/wp\/v2\/media?parent=67053"}],"curies":[{"name":"wp","href":"https:\/\/api.w.org\/{rel}","templated":true}]}}