{"id":68221,"date":"2019-10-31T15:49:44","date_gmt":"2019-10-31T12:49:44","guid":{"rendered":"http:\/\/pwnistanbul.net\/?page_id=68221"},"modified":"2019-10-31T16:08:09","modified_gmt":"2019-10-31T13:08:09","slug":"pazarlama-ve-iletisim","status":"publish","type":"page","link":"https:\/\/pwnistanbul.net\/en\/pazarlama-ve-iletisim\/","title":{"rendered":"Pazarlama ve \u0130leti\u015fim"},"content":{"rendered":"<p>Kad\u0131nlar\u0131n i\u015f hayat\u0131nda s\u00fcrd\u00fcrebilir bir \u015fekilde var olmalar\u0131 ve liderler olarak y\u00fckselmelerini desteklemek misyonu ile faaliyet g\u00f6steren PWN Istanbul\u2019u tan\u0131tmak, sahiplendi\u011fi \u2018Cinsiyet Dengeli Liderlik\u201d anlay\u0131\u015f\u0131n\u0131 geli\u015ftirmek; kurumlara ve bireylere ta\u015f\u0131man\u0131n, yayg\u0131nla\u015ft\u0131rman\u0131n yollar\u0131n\u0131 ara\u015ft\u0131rmak ve birlikte bulmak \u00fczere 2019\u2019da \u00e7al\u0131\u015fmalar\u0131m\u0131za ba\u015flad\u0131k.<\/p>\n<p>Amac\u0131m\u0131z;<\/p>\n<ol>\n<li>\u201cCinsiyet Dengeli Liderlik\u201d konusunda PWN Istanbul\u2019u ulusal lider bir STK olarak konumland\u0131rmak ve tan\u0131tmak.<\/li>\n<li>PWN Istanbul\u2019un \u201cCinsiyet Dengeli \u0130\u015f Ya\u015fam\u0131\u201d konusunda y\u00fcr\u00fctt\u00fc\u011f\u00fc temel faaliyet alanlar\u0131, projeleri ve i\u015fbirlikleri i\u00e7in pazarlama ve ileti\u015fim stratejisini belirlemek, uygulamak.<\/li>\n<li>Cinsiyet dengesinin i\u015f ya\u015fam\u0131na katk\u0131s\u0131n\u0131 vurgulamak,<\/li>\n<li>\u201cCinsiyet Dengeli \u0130\u015f Ya\u015fam\u0131\u201d konusunda geli\u015ftirilmi\u015f politika, ara\u015ft\u0131rma, prosed\u00fcr ve uygulamalar\u0131 takip edip yorumlayarak, sosyal medya arac\u0131l\u0131\u011f\u0131yla ve gere\u011finde geleneksel medyay\u0131 da kullanarak bireyler ve kurumlar ile payla\u015fmak.<\/li>\n<li>PWN Istanbul\u2019un bireysel ve kurumsal \u00fcyeleri aras\u0131nda ileti\u015fimi g\u00fc\u00e7lendirmek, ortak i\u015f yapma k\u00fclt\u00fcr\u00fc i\u00e7in business networking\u2019i geli\u015ftirmek.<\/li>\n<li>PWN Istanbul ve \u201cCinsiyet Dengeli \u0130\u015f Ya\u015fam\u0131\u201d konusunda ilham, enerji ve bilgi veren i\u00e7erikler yaratarak dijital ayak izini ve dijital itibar\u0131n\u0131 art\u0131rmak.<\/li>\n<li>Global \u015fehir network&#8217;leri ile etkile\u015fim ve benchmark olu\u015fturmak.<\/li>\n<li>PWN Istanbul i\u00e7in fikir \u00f6nderleri, karar vericiler ve kanun koyucular nezdinde lobi faaliyetlerine destek vermek.<\/li>\n<\/ol>\n<p>Biz g\u00fc\u00e7l\u00fc, yarat\u0131c\u0131, canl\u0131 ve h\u0131zl\u0131 bir ekibiz\u2026<br \/>\nBize Kat\u0131l\u0131n!<br \/>\n<a href=\"mailto:istanbulepwn@gmail.com\" target=\"_blank\" rel=\"noopener noreferrer\">istanbulepwn@gmail.com<\/a><\/p>\n","protected":false},"excerpt":{"rendered":"<p>Kad\u0131nlar\u0131n i\u015f hayat\u0131nda s\u00fcrd\u00fcrebilir bir \u015fekilde var olmalar\u0131 ve liderler olarak y\u00fckselmelerini desteklemek misyonu ile faaliyet g\u00f6steren PWN Istanbul\u2019u tan\u0131tmak, [&hellip;]<\/p>\n","protected":false},"author":2,"featured_media":0,"parent":0,"menu_order":0,"comment_status":"closed","ping_status":"closed","template":"","meta":{"footnotes":""},"class_list":["post-68221","page","type-page","status-publish","hentry"],"_links":{"self":[{"href":"https:\/\/pwnistanbul.net\/en\/wp-json\/wp\/v2\/pages\/68221","targetHints":{"allow":["GET"]}}],"collection":[{"href":"https:\/\/pwnistanbul.net\/en\/wp-json\/wp\/v2\/pages"}],"about":[{"href":"https:\/\/pwnistanbul.net\/en\/wp-json\/wp\/v2\/types\/page"}],"author":[{"embeddable":true,"href":"https:\/\/pwnistanbul.net\/en\/wp-json\/wp\/v2\/users\/2"}],"replies":[{"embeddable":true,"href":"https:\/\/pwnistanbul.net\/en\/wp-json\/wp\/v2\/comments?post=68221"}],"version-history":[{"count":2,"href":"https:\/\/pwnistanbul.net\/en\/wp-json\/wp\/v2\/pages\/68221\/revisions"}],"predecessor-version":[{"id":68223,"href":"https:\/\/pwnistanbul.net\/en\/wp-json\/wp\/v2\/pages\/68221\/revisions\/68223"}],"wp:attachment":[{"href":"https:\/\/pwnistanbul.net\/en\/wp-json\/wp\/v2\/media?parent=68221"}],"curies":[{"name":"wp","href":"https:\/\/api.w.org\/{rel}","templated":true}]}}